{"id":951,"date":"2019-10-11T11:18:17","date_gmt":"2019-10-11T14:18:17","guid":{"rendered":"http:\/\/dinn.ucsc.cl\/?page_id=951"},"modified":"2020-10-14T00:24:05","modified_gmt":"2020-10-14T03:24:05","slug":"balloon-internacional","status":"publish","type":"page","link":"https:\/\/dinn.ucsc.cl\/index.php\/balloon-internacional\/","title":{"rendered":"Balloon Internacional"},"content":{"rendered":"<p>&nbsp;<\/p>\n<p><img loading=\"lazy\" class=\"wp-image-2419 alignleft\" src=\"https:\/\/dinn.ucsc.cl\/wp-content\/uploads\/sites\/14\/2020\/10\/Ballon.png\" alt=\"\" width=\"85\" height=\"135\" srcset=\"https:\/\/dinn.ucsc.cl\/wp-content\/uploads\/sites\/14\/2020\/10\/Ballon.png 204w, https:\/\/dinn.ucsc.cl\/wp-content\/uploads\/sites\/14\/2020\/10\/Ballon-189x300.png 189w, https:\/\/dinn.ucsc.cl\/wp-content\/uploads\/sites\/14\/2020\/10\/Ballon-126x200.png 126w\" sizes=\"(max-width: 85px) 100vw, 85px\" \/><\/p>\n<p>Balloon\u00a0U Chile es un programa que busca fomentar y desarrollar el emprendimiento en comunidades a trav\u00e9s del traspaso de herramientas y metodolog\u00edas de innovaci\u00f3n por parte de estudiantes universitarios.<\/p>\n<hr \/>\n<h5 style=\"text-align: right\">Para postular escribe a: uainn@ucsc.cl<\/h5>\n<h3><\/h3>\n<h3><\/h3>\n<h3>\u00bfQuienes pueden participar?<\/h3>\n<p>&nbsp;<\/p>\n<p>J\u00f3venes universitarios, reciben un curso intensivo en innovaci\u00f3n y emprendimiento, para posteriormente transmitir estos conocimientos a emprendedores rurales, d\u00e1ndoles la oportunidad de potenciar sus proyectos en una din\u00e1mica de creaci\u00f3n compartida mientras conocen el destino de una forma distinta y dejando una huella positiva en \u00e9l.<\/p>\n<p>El objetivo de este programa es que la\u00a0Universidad Cat\u00f3lica de la Sant\u00edsima Concepci\u00f3n por medio de la Unidad de Apoyo a la Innovaci\u00f3n,\u00a0entregue soporte a diez alumnos\u00a0a trav\u00e9s de\u00a0becas para que participen del programa\u00a0Balloon\u00a0U Chile que se realizar\u00e1\u00a0desde el 6 al 16 de diciembre de 2019 en la Regi\u00f3n del Maule, espec\u00edficamente en las localidades de Licant\u00e9n, Huala\u00f1\u00e9 y\u00a0Vichuqu\u00e9n.<\/p>\n<p style=\"text-align: right\"><a href=\"https:\/\/balloonlatam.com\/balloon-u\" target=\"_blank\" rel=\"noopener\">M\u00e1s informaci\u00f3n aqu\u00ed<\/a>.<\/p>\n","protected":false},"excerpt":{"rendered":"<p>&nbsp; Balloon\u00a0U Chile es un programa que busca fomentar y desarrollar el emprendimiento en comunidades a trav\u00e9s del traspaso de herramientas y metodolog\u00edas de innovaci\u00f3n por parte de estudiantes universitarios. Para postular escribe a: uainn@ucsc.cl \u00bfQuienes pueden participar? &nbsp; J\u00f3venes universitarios, reciben un curso intensivo en innovaci\u00f3n y emprendimiento, para posteriormente transmitir estos conocimientos a [&hellip;]<\/p>\n","protected":false},"author":84,"featured_media":0,"parent":0,"menu_order":0,"comment_status":"closed","ping_status":"closed","template":"","meta":[],"yoast_head":"<!-- This site is optimized with the Yoast SEO plugin v18.9 - https:\/\/yoast.com\/wordpress\/plugins\/seo\/ -->\n<title>Balloon Internacional -<\/title>\n<meta name=\"robots\" content=\"index, follow, max-snippet:-1, max-image-preview:large, max-video-preview:-1\" \/>\n<link rel=\"canonical\" href=\"https:\/\/dinn.ucsc.cl\/index.php\/balloon-internacional\/\" \/>\n<meta property=\"og:locale\" content=\"es_ES\" \/>\n<meta property=\"og:type\" content=\"article\" \/>\n<meta property=\"og:title\" content=\"Balloon Internacional -\" \/>\n<meta property=\"og:description\" content=\"&nbsp; Balloon\u00a0U Chile es un programa que busca fomentar y desarrollar el emprendimiento en comunidades a trav\u00e9s del traspaso de herramientas y metodolog\u00edas de innovaci\u00f3n por parte de estudiantes universitarios. Para postular escribe a: uainn@ucsc.cl \u00bfQuienes pueden participar? &nbsp; J\u00f3venes universitarios, reciben un curso intensivo en innovaci\u00f3n y emprendimiento, para posteriormente transmitir estos conocimientos a [&hellip;]\" \/>\n<meta property=\"og:url\" content=\"https:\/\/dinn.ucsc.cl\/index.php\/balloon-internacional\/\" \/>\n<meta property=\"article:publisher\" content=\"https:\/\/m.facebook.com\/DINNUCSC\" \/>\n<meta property=\"article:modified_time\" content=\"2020-10-14T03:24:05+00:00\" \/>\n<meta property=\"og:image\" content=\"https:\/\/sitios.ucsc.cl\/investigacion\/wp-content\/uploads\/sites\/14\/2020\/10\/Ballon.png\" \/>\n<meta name=\"twitter:card\" content=\"summary\" \/>\n<meta name=\"twitter:site\" content=\"@dinn_ucsc\" \/>\n<meta name=\"twitter:label1\" content=\"Tiempo de lectura\" \/>\n\t<meta name=\"twitter:data1\" content=\"1 minuto\" \/>\n<script type=\"application\/ld+json\" class=\"yoast-schema-graph\">{\"@context\":\"https:\/\/schema.org\",\"@graph\":[{\"@type\":\"WebSite\",\"@id\":\"https:\/\/dinn.ucsc.cl\/#website\",\"url\":\"https:\/\/dinn.ucsc.cl\/\",\"name\":\"Direcci\u00f3n de Innovaci\u00f3n UCSC\",\"description\":\"Direcci\u00f3n de Innovaci\u00f3n\",\"potentialAction\":[{\"@type\":\"SearchAction\",\"target\":{\"@type\":\"EntryPoint\",\"urlTemplate\":\"https:\/\/dinn.ucsc.cl\/?s={search_term_string}\"},\"query-input\":\"required name=search_term_string\"}],\"inLanguage\":\"es\"},{\"@type\":\"ImageObject\",\"inLanguage\":\"es\",\"@id\":\"https:\/\/dinn.ucsc.cl\/index.php\/balloon-internacional\/#primaryimage\",\"url\":\"https:\/\/sitios.ucsc.cl\/investigacion\/wp-content\/uploads\/sites\/14\/2020\/10\/Ballon.png\",\"contentUrl\":\"https:\/\/sitios.ucsc.cl\/investigacion\/wp-content\/uploads\/sites\/14\/2020\/10\/Ballon.png\"},{\"@type\":\"WebPage\",\"@id\":\"https:\/\/dinn.ucsc.cl\/index.php\/balloon-internacional\/#webpage\",\"url\":\"https:\/\/dinn.ucsc.cl\/index.php\/balloon-internacional\/\",\"name\":\"Balloon Internacional -\",\"isPartOf\":{\"@id\":\"https:\/\/dinn.ucsc.cl\/#website\"},\"primaryImageOfPage\":{\"@id\":\"https:\/\/dinn.ucsc.cl\/index.php\/balloon-internacional\/#primaryimage\"},\"datePublished\":\"2019-10-11T14:18:17+00:00\",\"dateModified\":\"2020-10-14T03:24:05+00:00\",\"breadcrumb\":{\"@id\":\"https:\/\/dinn.ucsc.cl\/index.php\/balloon-internacional\/#breadcrumb\"},\"inLanguage\":\"es\",\"potentialAction\":[{\"@type\":\"ReadAction\",\"target\":[\"https:\/\/dinn.ucsc.cl\/index.php\/balloon-internacional\/\"]}]},{\"@type\":\"BreadcrumbList\",\"@id\":\"https:\/\/dinn.ucsc.cl\/index.php\/balloon-internacional\/#breadcrumb\",\"itemListElement\":[{\"@type\":\"ListItem\",\"position\":1,\"name\":\"Inicio\",\"item\":\"https:\/\/dinn.ucsc.cl\/\"},{\"@type\":\"ListItem\",\"position\":2,\"name\":\"Balloon Internacional\"}]}]}<\/script>\n<!-- \/ Yoast SEO plugin. -->","yoast_head_json":{"title":"Balloon Internacional -","robots":{"index":"index","follow":"follow","max-snippet":"max-snippet:-1","max-image-preview":"max-image-preview:large","max-video-preview":"max-video-preview:-1"},"canonical":"https:\/\/dinn.ucsc.cl\/index.php\/balloon-internacional\/","og_locale":"es_ES","og_type":"article","og_title":"Balloon Internacional -","og_description":"&nbsp; Balloon\u00a0U Chile es un programa que busca fomentar y desarrollar el emprendimiento en comunidades a trav\u00e9s del traspaso de herramientas y metodolog\u00edas de innovaci\u00f3n por parte de estudiantes universitarios. Para postular escribe a: uainn@ucsc.cl \u00bfQuienes pueden participar? &nbsp; J\u00f3venes universitarios, reciben un curso intensivo en innovaci\u00f3n y emprendimiento, para posteriormente transmitir estos conocimientos a [&hellip;]","og_url":"https:\/\/dinn.ucsc.cl\/index.php\/balloon-internacional\/","article_publisher":"https:\/\/m.facebook.com\/DINNUCSC","article_modified_time":"2020-10-14T03:24:05+00:00","og_image":[{"url":"https:\/\/sitios.ucsc.cl\/investigacion\/wp-content\/uploads\/sites\/14\/2020\/10\/Ballon.png"}],"twitter_card":"summary","twitter_site":"@dinn_ucsc","twitter_misc":{"Tiempo de lectura":"1 minuto"},"schema":{"@context":"https:\/\/schema.org","@graph":[{"@type":"WebSite","@id":"https:\/\/dinn.ucsc.cl\/#website","url":"https:\/\/dinn.ucsc.cl\/","name":"Direcci\u00f3n de Innovaci\u00f3n UCSC","description":"Direcci\u00f3n de Innovaci\u00f3n","potentialAction":[{"@type":"SearchAction","target":{"@type":"EntryPoint","urlTemplate":"https:\/\/dinn.ucsc.cl\/?s={search_term_string}"},"query-input":"required name=search_term_string"}],"inLanguage":"es"},{"@type":"ImageObject","inLanguage":"es","@id":"https:\/\/dinn.ucsc.cl\/index.php\/balloon-internacional\/#primaryimage","url":"https:\/\/sitios.ucsc.cl\/investigacion\/wp-content\/uploads\/sites\/14\/2020\/10\/Ballon.png","contentUrl":"https:\/\/sitios.ucsc.cl\/investigacion\/wp-content\/uploads\/sites\/14\/2020\/10\/Ballon.png"},{"@type":"WebPage","@id":"https:\/\/dinn.ucsc.cl\/index.php\/balloon-internacional\/#webpage","url":"https:\/\/dinn.ucsc.cl\/index.php\/balloon-internacional\/","name":"Balloon Internacional -","isPartOf":{"@id":"https:\/\/dinn.ucsc.cl\/#website"},"primaryImageOfPage":{"@id":"https:\/\/dinn.ucsc.cl\/index.php\/balloon-internacional\/#primaryimage"},"datePublished":"2019-10-11T14:18:17+00:00","dateModified":"2020-10-14T03:24:05+00:00","breadcrumb":{"@id":"https:\/\/dinn.ucsc.cl\/index.php\/balloon-internacional\/#breadcrumb"},"inLanguage":"es","potentialAction":[{"@type":"ReadAction","target":["https:\/\/dinn.ucsc.cl\/index.php\/balloon-internacional\/"]}]},{"@type":"BreadcrumbList","@id":"https:\/\/dinn.ucsc.cl\/index.php\/balloon-internacional\/#breadcrumb","itemListElement":[{"@type":"ListItem","position":1,"name":"Inicio","item":"https:\/\/dinn.ucsc.cl\/"},{"@type":"ListItem","position":2,"name":"Balloon Internacional"}]}]}},"_links":{"self":[{"href":"https:\/\/dinn.ucsc.cl\/index.php\/wp-json\/wp\/v2\/pages\/951"}],"collection":[{"href":"https:\/\/dinn.ucsc.cl\/index.php\/wp-json\/wp\/v2\/pages"}],"about":[{"href":"https:\/\/dinn.ucsc.cl\/index.php\/wp-json\/wp\/v2\/types\/page"}],"author":[{"embeddable":true,"href":"https:\/\/dinn.ucsc.cl\/index.php\/wp-json\/wp\/v2\/users\/84"}],"replies":[{"embeddable":true,"href":"https:\/\/dinn.ucsc.cl\/index.php\/wp-json\/wp\/v2\/comments?post=951"}],"version-history":[{"count":3,"href":"https:\/\/dinn.ucsc.cl\/index.php\/wp-json\/wp\/v2\/pages\/951\/revisions"}],"predecessor-version":[{"id":2420,"href":"https:\/\/dinn.ucsc.cl\/index.php\/wp-json\/wp\/v2\/pages\/951\/revisions\/2420"}],"wp:attachment":[{"href":"https:\/\/dinn.ucsc.cl\/index.php\/wp-json\/wp\/v2\/media?parent=951"}],"curies":[{"name":"wp","href":"https:\/\/api.w.org\/{rel}","templated":true}]}}