{"id":957,"date":"2019-10-11T11:23:22","date_gmt":"2019-10-11T14:23:22","guid":{"rendered":"http:\/\/dinn.ucsc.cl\/?page_id=957"},"modified":"2020-10-20T10:23:41","modified_gmt":"2020-10-20T13:23:41","slug":"programa-balloon-u","status":"publish","type":"page","link":"https:\/\/dinn.ucsc.cl\/index.php\/programa-balloon-u\/","title":{"rendered":"Programa Balloon U"},"content":{"rendered":"<p>Balloon U es un programa interdisciplinario de formaci\u00f3n de agentes de cambio, en el que estudiantes de diferentes universidades del pa\u00eds -conocidos como escuderos Balloon- viven una experiencia transformadora, de formaci\u00f3n y aprendizaje en terreno, mediante un trabajo intensivo junto a emprendedores locales en pos del fortalecimiento comunitario.<\/p>\n<p>Este programa te permitir\u00e1 adquirir herramientas de negocios y potenciar tu esp\u00edritu emprendedor e innovador. Adem\u00e1s podr\u00e1s fortalecer habilidades relacionales y de liderazgo, mediante el traspaso de herramientas de facilitaci\u00f3n y la vinculaci\u00f3n directa con emprendedores y comunidades rurales.<\/p>\n<p>Conoce m\u00e1s de Balloon U <strong><a href=\"https:\/\/balloonlatam.com\/\" target=\"_blank\" rel=\"noopener\">aqu\u00ed<\/a><\/strong>.<\/p>\n","protected":false},"excerpt":{"rendered":"<p>Balloon U es un programa interdisciplinario de formaci\u00f3n de agentes de cambio, en el que estudiantes de diferentes universidades del pa\u00eds -conocidos como escuderos Balloon- viven una experiencia transformadora, de formaci\u00f3n y aprendizaje en terreno, mediante un trabajo intensivo junto a emprendedores locales en pos del fortalecimiento comunitario. Este programa te permitir\u00e1 adquirir herramientas de [&hellip;]<\/p>\n","protected":false},"author":84,"featured_media":0,"parent":0,"menu_order":0,"comment_status":"closed","ping_status":"closed","template":"","meta":[],"yoast_head":"<!-- This site is optimized with the Yoast SEO plugin v18.9 - https:\/\/yoast.com\/wordpress\/plugins\/seo\/ -->\n<title>Programa Balloon U -<\/title>\n<meta name=\"robots\" content=\"index, follow, max-snippet:-1, max-image-preview:large, max-video-preview:-1\" \/>\n<link rel=\"canonical\" href=\"https:\/\/dinn.ucsc.cl\/index.php\/programa-balloon-u\/\" \/>\n<meta property=\"og:locale\" content=\"es_ES\" \/>\n<meta property=\"og:type\" content=\"article\" \/>\n<meta property=\"og:title\" content=\"Programa Balloon U -\" \/>\n<meta property=\"og:description\" content=\"Balloon U es un programa interdisciplinario de formaci\u00f3n de agentes de cambio, en el que estudiantes de diferentes universidades del pa\u00eds -conocidos como escuderos Balloon- viven una experiencia transformadora, de formaci\u00f3n y aprendizaje en terreno, mediante un trabajo intensivo junto a emprendedores locales en pos del fortalecimiento comunitario. Este programa te permitir\u00e1 adquirir herramientas de [&hellip;]\" \/>\n<meta property=\"og:url\" content=\"https:\/\/dinn.ucsc.cl\/index.php\/programa-balloon-u\/\" \/>\n<meta property=\"article:publisher\" content=\"https:\/\/m.facebook.com\/DINNUCSC\" \/>\n<meta property=\"article:modified_time\" content=\"2020-10-20T13:23:41+00:00\" \/>\n<meta name=\"twitter:card\" content=\"summary\" \/>\n<meta name=\"twitter:site\" content=\"@dinn_ucsc\" \/>\n<meta name=\"twitter:label1\" content=\"Tiempo de lectura\" \/>\n\t<meta name=\"twitter:data1\" content=\"1 minuto\" \/>\n<script type=\"application\/ld+json\" class=\"yoast-schema-graph\">{\"@context\":\"https:\/\/schema.org\",\"@graph\":[{\"@type\":\"WebSite\",\"@id\":\"https:\/\/dinn.ucsc.cl\/#website\",\"url\":\"https:\/\/dinn.ucsc.cl\/\",\"name\":\"Direcci\u00f3n de Innovaci\u00f3n UCSC\",\"description\":\"Direcci\u00f3n de Innovaci\u00f3n\",\"potentialAction\":[{\"@type\":\"SearchAction\",\"target\":{\"@type\":\"EntryPoint\",\"urlTemplate\":\"https:\/\/dinn.ucsc.cl\/?s={search_term_string}\"},\"query-input\":\"required name=search_term_string\"}],\"inLanguage\":\"es\"},{\"@type\":\"WebPage\",\"@id\":\"https:\/\/dinn.ucsc.cl\/index.php\/programa-balloon-u\/#webpage\",\"url\":\"https:\/\/dinn.ucsc.cl\/index.php\/programa-balloon-u\/\",\"name\":\"Programa Balloon U -\",\"isPartOf\":{\"@id\":\"https:\/\/dinn.ucsc.cl\/#website\"},\"datePublished\":\"2019-10-11T14:23:22+00:00\",\"dateModified\":\"2020-10-20T13:23:41+00:00\",\"breadcrumb\":{\"@id\":\"https:\/\/dinn.ucsc.cl\/index.php\/programa-balloon-u\/#breadcrumb\"},\"inLanguage\":\"es\",\"potentialAction\":[{\"@type\":\"ReadAction\",\"target\":[\"https:\/\/dinn.ucsc.cl\/index.php\/programa-balloon-u\/\"]}]},{\"@type\":\"BreadcrumbList\",\"@id\":\"https:\/\/dinn.ucsc.cl\/index.php\/programa-balloon-u\/#breadcrumb\",\"itemListElement\":[{\"@type\":\"ListItem\",\"position\":1,\"name\":\"Inicio\",\"item\":\"https:\/\/dinn.ucsc.cl\/\"},{\"@type\":\"ListItem\",\"position\":2,\"name\":\"Programa Balloon U\"}]}]}<\/script>\n<!-- \/ Yoast SEO plugin. -->","yoast_head_json":{"title":"Programa Balloon U -","robots":{"index":"index","follow":"follow","max-snippet":"max-snippet:-1","max-image-preview":"max-image-preview:large","max-video-preview":"max-video-preview:-1"},"canonical":"https:\/\/dinn.ucsc.cl\/index.php\/programa-balloon-u\/","og_locale":"es_ES","og_type":"article","og_title":"Programa Balloon U -","og_description":"Balloon U es un programa interdisciplinario de formaci\u00f3n de agentes de cambio, en el que estudiantes de diferentes universidades del pa\u00eds -conocidos como escuderos Balloon- viven una experiencia transformadora, de formaci\u00f3n y aprendizaje en terreno, mediante un trabajo intensivo junto a emprendedores locales en pos del fortalecimiento comunitario. Este programa te permitir\u00e1 adquirir herramientas de [&hellip;]","og_url":"https:\/\/dinn.ucsc.cl\/index.php\/programa-balloon-u\/","article_publisher":"https:\/\/m.facebook.com\/DINNUCSC","article_modified_time":"2020-10-20T13:23:41+00:00","twitter_card":"summary","twitter_site":"@dinn_ucsc","twitter_misc":{"Tiempo de lectura":"1 minuto"},"schema":{"@context":"https:\/\/schema.org","@graph":[{"@type":"WebSite","@id":"https:\/\/dinn.ucsc.cl\/#website","url":"https:\/\/dinn.ucsc.cl\/","name":"Direcci\u00f3n de Innovaci\u00f3n UCSC","description":"Direcci\u00f3n de Innovaci\u00f3n","potentialAction":[{"@type":"SearchAction","target":{"@type":"EntryPoint","urlTemplate":"https:\/\/dinn.ucsc.cl\/?s={search_term_string}"},"query-input":"required name=search_term_string"}],"inLanguage":"es"},{"@type":"WebPage","@id":"https:\/\/dinn.ucsc.cl\/index.php\/programa-balloon-u\/#webpage","url":"https:\/\/dinn.ucsc.cl\/index.php\/programa-balloon-u\/","name":"Programa Balloon U -","isPartOf":{"@id":"https:\/\/dinn.ucsc.cl\/#website"},"datePublished":"2019-10-11T14:23:22+00:00","dateModified":"2020-10-20T13:23:41+00:00","breadcrumb":{"@id":"https:\/\/dinn.ucsc.cl\/index.php\/programa-balloon-u\/#breadcrumb"},"inLanguage":"es","potentialAction":[{"@type":"ReadAction","target":["https:\/\/dinn.ucsc.cl\/index.php\/programa-balloon-u\/"]}]},{"@type":"BreadcrumbList","@id":"https:\/\/dinn.ucsc.cl\/index.php\/programa-balloon-u\/#breadcrumb","itemListElement":[{"@type":"ListItem","position":1,"name":"Inicio","item":"https:\/\/dinn.ucsc.cl\/"},{"@type":"ListItem","position":2,"name":"Programa Balloon U"}]}]}},"_links":{"self":[{"href":"https:\/\/dinn.ucsc.cl\/index.php\/wp-json\/wp\/v2\/pages\/957"}],"collection":[{"href":"https:\/\/dinn.ucsc.cl\/index.php\/wp-json\/wp\/v2\/pages"}],"about":[{"href":"https:\/\/dinn.ucsc.cl\/index.php\/wp-json\/wp\/v2\/types\/page"}],"author":[{"embeddable":true,"href":"https:\/\/dinn.ucsc.cl\/index.php\/wp-json\/wp\/v2\/users\/84"}],"replies":[{"embeddable":true,"href":"https:\/\/dinn.ucsc.cl\/index.php\/wp-json\/wp\/v2\/comments?post=957"}],"version-history":[{"count":2,"href":"https:\/\/dinn.ucsc.cl\/index.php\/wp-json\/wp\/v2\/pages\/957\/revisions"}],"predecessor-version":[{"id":2477,"href":"https:\/\/dinn.ucsc.cl\/index.php\/wp-json\/wp\/v2\/pages\/957\/revisions\/2477"}],"wp:attachment":[{"href":"https:\/\/dinn.ucsc.cl\/index.php\/wp-json\/wp\/v2\/media?parent=957"}],"curies":[{"name":"wp","href":"https:\/\/api.w.org\/{rel}","templated":true}]}}