{"id":961,"date":"2019-10-11T11:30:04","date_gmt":"2019-10-11T14:30:04","guid":{"rendered":"http:\/\/dinn.ucsc.cl\/?page_id=961"},"modified":"2020-10-14T00:09:53","modified_gmt":"2020-10-14T03:09:53","slug":"brain-chile","status":"publish","type":"page","link":"https:\/\/dinn.ucsc.cl\/index.php\/brain-chile\/","title":{"rendered":"Brain Chile"},"content":{"rendered":"<p>Brain\u00a0Chile (Business,\u00a0Research,\u00a0Acceleration\u00a0and\u00a0Innovation) es un programa de la Pontificia Universidad Cat\u00f3lica de Chile, impulsado por el Centro de Innovaci\u00f3n UC Anacleto\u00a0Angelini, la Escuela de Ingenier\u00eda, y la Direcci\u00f3n de Transferencia y Desarrollo, con el apoyo de Santander, para la aceleraci\u00f3n de emprendimientos de base cient\u00edfico-tecnol\u00f3gica originados en instituciones de educaci\u00f3n superior nacionales e internacionales.<\/p>\n<p>Brain\u00a0Chile trabaja con proyectos que se encuentran en una fase intermedia de ruta, con el fin de apoyar dos procesos paralelos y que se retroalimentan: las fases de i) prototipado y empaquetamiento, empujando la evoluci\u00f3n del desarrollo de la tecnolog\u00eda desde un prototipo b\u00e1sico hacia uno m\u00e1s avanzado; y\u00a0ii) desarrollo y validaci\u00f3n de las\u00a0hip\u00f3tesis\u00a0del modelo de negocios.<\/p>\n<p>El objetivo general de\u00a0Brain\u00a0Chile es agregar valor econ\u00f3mico, medioambiental y social al pa\u00eds y el mundo, impulsando proyectos de base cient\u00edfico-tecnol\u00f3gica provenientes de instituciones de educaci\u00f3n superior nacionales e internacionales, hacia etapas m\u00e1s cercanas al mercado. Se espera que en este programa participen proyectos que tengan una visi\u00f3n e impacto global, y que impliquen desarrollo, avance o uso in\u00e9dito de conocimiento cient\u00edfico y tecnol\u00f3gico. Se busca as\u00ed que el nuevo conocimiento originado en salas de clases y laboratorios de instituciones de educaci\u00f3n superior contribuya efectivamente a resolver necesidades de la industria y la sociedad.<\/p>\n<hr \/>\n<h5 style=\"text-align: right\">Apoyo para postular: uainn@ucsc.cl<\/h5>\n<p>&nbsp;<\/p>\n<h3>\u00bfQuienes pueden participar?<\/h3>\n<p>Este concurso, est\u00e1 dirigido a equipos que incluyan alumnos de pre o postgrado (mag\u00edster y doctorado), acad\u00e9micos y\/o investigadores (postdoc), que estudien o trabajen en instituciones de educaci\u00f3n superior nacionales e internacionales, y que est\u00e9n desarrollando productos y\/o servicios de base cient\u00edfico-tecnol\u00f3gica, que cuenten con al menos una prueba de concepto que sustenta la idea.<\/p>\n<p>Los mejores 12 equipos se seleccionar\u00e1n para la Etapa 4. En ella se entregar\u00e1n CLP $2.000.000 para: capital de prototipado; capital para protecci\u00f3n de propiedad intelectual; y capital para dise\u00f1o de productos y servicios. Adem\u00e1s, se apoyar\u00e1 a los equipos con: programa de validaci\u00f3n de modelos de negocios DC I-Corps con instructores especializados; acceso a mentores t\u00e9cnicos y de negocios para apoyo directo en los proyectos; mentor\u00edas de dise\u00f1o y prototipado; acceso a espacios de trabajo en el\u00a0cowork\u00a0del Centro de Innovaci\u00f3n UC; y acceso preferencial a laboratorios y\u00a0FabLab\u00a0UC para el desarrollo de prototipos. Los 12 proyectos participantes en esta etapa ser\u00e1n evaluados por el comit\u00e9 interno de\u00a0Brain\u00a0Chile para revisar el desempe\u00f1o de los equipos durante el proceso de aceleraci\u00f3n, lo cual decidir\u00e1 su participaci\u00f3n en la etapa siguiente.<\/p>\n<h3>\u00bfD\u00f3nde postular?<\/h3>\n<p><strong>Puedes acceder desde <a href=\"https:\/\/brainchile.cl\" target=\"_blank\" rel=\"noopener\">aqu\u00ed<\/a> a la convocatoria 2020, desde el 20 de marzo y hasta el 29 de mayo.\u00a0<\/strong><\/p>\n","protected":false},"excerpt":{"rendered":"<p>Brain\u00a0Chile (Business,\u00a0Research,\u00a0Acceleration\u00a0and\u00a0Innovation) es un programa de la Pontificia Universidad Cat\u00f3lica de Chile, impulsado por el Centro de Innovaci\u00f3n UC Anacleto\u00a0Angelini, la Escuela de Ingenier\u00eda, y la Direcci\u00f3n de Transferencia y Desarrollo, con el apoyo de Santander, para la aceleraci\u00f3n de emprendimientos de base cient\u00edfico-tecnol\u00f3gica originados en instituciones de educaci\u00f3n superior nacionales e internacionales. Brain\u00a0Chile trabaja [&hellip;]<\/p>\n","protected":false},"author":84,"featured_media":0,"parent":0,"menu_order":0,"comment_status":"closed","ping_status":"closed","template":"","meta":[],"yoast_head":"<!-- This site is optimized with the Yoast SEO plugin v18.9 - https:\/\/yoast.com\/wordpress\/plugins\/seo\/ -->\n<title>Brain Chile -<\/title>\n<meta name=\"robots\" content=\"index, follow, max-snippet:-1, max-image-preview:large, max-video-preview:-1\" \/>\n<link rel=\"canonical\" href=\"https:\/\/dinn.ucsc.cl\/index.php\/brain-chile\/\" \/>\n<meta property=\"og:locale\" content=\"es_ES\" \/>\n<meta property=\"og:type\" content=\"article\" \/>\n<meta property=\"og:title\" content=\"Brain Chile -\" \/>\n<meta property=\"og:description\" content=\"Brain\u00a0Chile (Business,\u00a0Research,\u00a0Acceleration\u00a0and\u00a0Innovation) es un programa de la Pontificia Universidad Cat\u00f3lica de Chile, impulsado por el Centro de Innovaci\u00f3n UC Anacleto\u00a0Angelini, la Escuela de Ingenier\u00eda, y la Direcci\u00f3n de Transferencia y Desarrollo, con el apoyo de Santander, para la aceleraci\u00f3n de emprendimientos de base cient\u00edfico-tecnol\u00f3gica originados en instituciones de educaci\u00f3n superior nacionales e internacionales. Brain\u00a0Chile trabaja [&hellip;]\" \/>\n<meta property=\"og:url\" content=\"https:\/\/dinn.ucsc.cl\/index.php\/brain-chile\/\" \/>\n<meta property=\"article:publisher\" content=\"https:\/\/m.facebook.com\/DINNUCSC\" \/>\n<meta property=\"article:modified_time\" content=\"2020-10-14T03:09:53+00:00\" \/>\n<meta name=\"twitter:card\" content=\"summary\" \/>\n<meta name=\"twitter:site\" content=\"@dinn_ucsc\" \/>\n<meta name=\"twitter:label1\" content=\"Tiempo de lectura\" \/>\n\t<meta name=\"twitter:data1\" content=\"2 minutos\" \/>\n<script type=\"application\/ld+json\" class=\"yoast-schema-graph\">{\"@context\":\"https:\/\/schema.org\",\"@graph\":[{\"@type\":\"WebSite\",\"@id\":\"https:\/\/dinn.ucsc.cl\/#website\",\"url\":\"https:\/\/dinn.ucsc.cl\/\",\"name\":\"Direcci\u00f3n de Innovaci\u00f3n UCSC\",\"description\":\"Direcci\u00f3n de Innovaci\u00f3n\",\"potentialAction\":[{\"@type\":\"SearchAction\",\"target\":{\"@type\":\"EntryPoint\",\"urlTemplate\":\"https:\/\/dinn.ucsc.cl\/?s={search_term_string}\"},\"query-input\":\"required name=search_term_string\"}],\"inLanguage\":\"es\"},{\"@type\":\"WebPage\",\"@id\":\"https:\/\/dinn.ucsc.cl\/index.php\/brain-chile\/#webpage\",\"url\":\"https:\/\/dinn.ucsc.cl\/index.php\/brain-chile\/\",\"name\":\"Brain Chile -\",\"isPartOf\":{\"@id\":\"https:\/\/dinn.ucsc.cl\/#website\"},\"datePublished\":\"2019-10-11T14:30:04+00:00\",\"dateModified\":\"2020-10-14T03:09:53+00:00\",\"breadcrumb\":{\"@id\":\"https:\/\/dinn.ucsc.cl\/index.php\/brain-chile\/#breadcrumb\"},\"inLanguage\":\"es\",\"potentialAction\":[{\"@type\":\"ReadAction\",\"target\":[\"https:\/\/dinn.ucsc.cl\/index.php\/brain-chile\/\"]}]},{\"@type\":\"BreadcrumbList\",\"@id\":\"https:\/\/dinn.ucsc.cl\/index.php\/brain-chile\/#breadcrumb\",\"itemListElement\":[{\"@type\":\"ListItem\",\"position\":1,\"name\":\"Inicio\",\"item\":\"https:\/\/dinn.ucsc.cl\/\"},{\"@type\":\"ListItem\",\"position\":2,\"name\":\"Brain Chile\"}]}]}<\/script>\n<!-- \/ Yoast SEO plugin. -->","yoast_head_json":{"title":"Brain Chile -","robots":{"index":"index","follow":"follow","max-snippet":"max-snippet:-1","max-image-preview":"max-image-preview:large","max-video-preview":"max-video-preview:-1"},"canonical":"https:\/\/dinn.ucsc.cl\/index.php\/brain-chile\/","og_locale":"es_ES","og_type":"article","og_title":"Brain Chile -","og_description":"Brain\u00a0Chile (Business,\u00a0Research,\u00a0Acceleration\u00a0and\u00a0Innovation) es un programa de la Pontificia Universidad Cat\u00f3lica de Chile, impulsado por el Centro de Innovaci\u00f3n UC Anacleto\u00a0Angelini, la Escuela de Ingenier\u00eda, y la Direcci\u00f3n de Transferencia y Desarrollo, con el apoyo de Santander, para la aceleraci\u00f3n de emprendimientos de base cient\u00edfico-tecnol\u00f3gica originados en instituciones de educaci\u00f3n superior nacionales e internacionales. Brain\u00a0Chile trabaja [&hellip;]","og_url":"https:\/\/dinn.ucsc.cl\/index.php\/brain-chile\/","article_publisher":"https:\/\/m.facebook.com\/DINNUCSC","article_modified_time":"2020-10-14T03:09:53+00:00","twitter_card":"summary","twitter_site":"@dinn_ucsc","twitter_misc":{"Tiempo de lectura":"2 minutos"},"schema":{"@context":"https:\/\/schema.org","@graph":[{"@type":"WebSite","@id":"https:\/\/dinn.ucsc.cl\/#website","url":"https:\/\/dinn.ucsc.cl\/","name":"Direcci\u00f3n de Innovaci\u00f3n UCSC","description":"Direcci\u00f3n de Innovaci\u00f3n","potentialAction":[{"@type":"SearchAction","target":{"@type":"EntryPoint","urlTemplate":"https:\/\/dinn.ucsc.cl\/?s={search_term_string}"},"query-input":"required name=search_term_string"}],"inLanguage":"es"},{"@type":"WebPage","@id":"https:\/\/dinn.ucsc.cl\/index.php\/brain-chile\/#webpage","url":"https:\/\/dinn.ucsc.cl\/index.php\/brain-chile\/","name":"Brain Chile -","isPartOf":{"@id":"https:\/\/dinn.ucsc.cl\/#website"},"datePublished":"2019-10-11T14:30:04+00:00","dateModified":"2020-10-14T03:09:53+00:00","breadcrumb":{"@id":"https:\/\/dinn.ucsc.cl\/index.php\/brain-chile\/#breadcrumb"},"inLanguage":"es","potentialAction":[{"@type":"ReadAction","target":["https:\/\/dinn.ucsc.cl\/index.php\/brain-chile\/"]}]},{"@type":"BreadcrumbList","@id":"https:\/\/dinn.ucsc.cl\/index.php\/brain-chile\/#breadcrumb","itemListElement":[{"@type":"ListItem","position":1,"name":"Inicio","item":"https:\/\/dinn.ucsc.cl\/"},{"@type":"ListItem","position":2,"name":"Brain Chile"}]}]}},"_links":{"self":[{"href":"https:\/\/dinn.ucsc.cl\/index.php\/wp-json\/wp\/v2\/pages\/961"}],"collection":[{"href":"https:\/\/dinn.ucsc.cl\/index.php\/wp-json\/wp\/v2\/pages"}],"about":[{"href":"https:\/\/dinn.ucsc.cl\/index.php\/wp-json\/wp\/v2\/types\/page"}],"author":[{"embeddable":true,"href":"https:\/\/dinn.ucsc.cl\/index.php\/wp-json\/wp\/v2\/users\/84"}],"replies":[{"embeddable":true,"href":"https:\/\/dinn.ucsc.cl\/index.php\/wp-json\/wp\/v2\/comments?post=961"}],"version-history":[{"count":4,"href":"https:\/\/dinn.ucsc.cl\/index.php\/wp-json\/wp\/v2\/pages\/961\/revisions"}],"predecessor-version":[{"id":2413,"href":"https:\/\/dinn.ucsc.cl\/index.php\/wp-json\/wp\/v2\/pages\/961\/revisions\/2413"}],"wp:attachment":[{"href":"https:\/\/dinn.ucsc.cl\/index.php\/wp-json\/wp\/v2\/media?parent=961"}],"curies":[{"name":"wp","href":"https:\/\/api.w.org\/{rel}","templated":true}]}}